{"id":1542,"date":"2026-03-26T18:30:27","date_gmt":"2026-03-26T18:30:27","guid":{"rendered":"http:\/\/plusdesignsolution.local\/case-study\/formaspace\/"},"modified":"2026-03-26T22:47:02","modified_gmt":"2026-03-26T22:47:02","slug":"formaspace","status":"publish","type":"page","link":"https:\/\/plusdesignsolutions.com\/es\/case-study\/formaspace\/","title":{"rendered":"Caso de estudio de Formaspace"},"content":{"rendered":"<div data-elementor-type=\"wp-page\" data-elementor-id=\"1542\" class=\"elementor elementor-1542\" data-elementor-post-type=\"page\">\n\t\t\t\t<div class=\"elementor-element elementor-element-d4221a3 e-con-full e-flex e-con e-parent\" data-id=\"d4221a3\" data-element_type=\"container\" data-e-type=\"container\">\n\t\t\t\t<div class=\"elementor-element elementor-element-bf86591 elementor-widget elementor-widget-pds-case-study-section\" data-id=\"bf86591\" data-element_type=\"widget\" data-e-type=\"widget\" data-widget_type=\"pds-case-study-section.default\">\n\t\t\t\t<div class=\"elementor-widget-container\">\n\t\t\t\t\t        <section class=\"pds-cs-page-hero pds-cs-page-hero--mockup\">\n            <div class=\"pds-container\">\n                                            <div class=\"pds-cs-page-hero__top\">\n            <img decoding=\"async\" class=\"pds-cs-page-hero__logo\" src=\"https:\/\/plusdesignsolutions.com\/wp-content\/uploads\/2023\/12\/Vector-Smart-Object1.png\" alt=\"Plus Design Solutions\">\n        <\/div>\n                            <div class=\"pds-cs-page-hero__icon\" aria-hidden=\"true\">\n                                <svg viewbox=\"0 0 60 60\" fill=\"none\" class=\"pds-cs-page-hero__icon-svg\" xmlns=\"http:\/\/www.w3.org\/2000\/svg\">\n            <path d=\"M27 7h6l1 5a16 16 0 0 1 4.2 2.4l4.8-1.6 3 5.2-3.8 3.5a16 16 0 0 1 0 4.8l3.8 3.5-3 5.2-4.8-1.6A16 16 0 0 1 34 36l-1 5h-6l-1-5a16 16 0 0 1-4.2-2.4l-4.8 1.6-3-5.2 3.8-3.5a16 16 0 0 1 0-4.8l-3.8-3.5 3-5.2 4.8 1.6A16 16 0 0 1 26 12l1-5Z\" stroke=\"#00A19B\" stroke-width=\"2.2\"\/>\n            <circle cx=\"30\" cy=\"24\" r=\"6.5\" stroke=\"#00A19B\" stroke-width=\"2.2\"\/>\n            <path d=\"M24 42c-2.8 0-5 2.2-5 5s2.2 5 5 5h3.5\" stroke=\"#00A19B\" stroke-width=\"2.2\" stroke-linecap=\"round\"\/>\n            <path d=\"M36 42c2.8 0 5 2.2 5 5s-2.2 5-5 5h-3.5\" stroke=\"#00A19B\" stroke-width=\"2.2\" stroke-linecap=\"round\"\/>\n            <line x1=\"24\" y1=\"47\" x2=\"36\" y2=\"47\" stroke=\"#00A19B\" stroke-width=\"2.2\" stroke-linecap=\"round\"\/>\n        <\/svg>\n                            <\/div>\n                \n                                    <h1 class=\"pds-cs-page-hero__title\">La extensi\u00f3n de ingenier\u00eda de 10 a\u00f1os<\/h1>\n                \n                                    <p class=\"pds-cs-page-hero__subtitle\">Caso de estudio: Plus Design Solutions + Formaspace<\/p>\n                \n                                    <p class=\"pds-cs-page-hero__tagline\">\"C\u00f3mo un fabricante l\u00edder de EE. UU. elimin\u00f3 los cuellos de botella de CAD y ampli\u00f3 la capacidad sin agregar una sola contrataci\u00f3n a tiempo completo\".<\/p>\n                \n                                    <div class=\"pds-cs-page-hero__image-wrap\">\n                        <img decoding=\"async\" class=\"pds-cs-page-hero__image\" src=\"https:\/\/plusdesignsolutions.com\/wp-content\/uploads\/2023\/12\/formaspace-hero.jpeg\" alt=\"La extensi\u00f3n de ingenier\u00eda de 10 a\u00f1os\">\n                    <\/div>\n                            <\/div>\n        <\/section>\n        \t\t\t\t<\/div>\n\t\t\t\t<\/div>\n\t\t\t\t<\/div>\n\t\t<div class=\"elementor-element elementor-element-595a620 e-con-full e-flex e-con e-parent\" data-id=\"595a620\" data-element_type=\"container\" data-e-type=\"container\">\n\t\t\t\t<div class=\"elementor-element elementor-element-0c80417 elementor-widget elementor-widget-pds-case-study-section\" data-id=\"0c80417\" data-element_type=\"widget\" data-e-type=\"widget\" data-widget_type=\"pds-case-study-section.default\">\n\t\t\t\t<div class=\"elementor-widget-container\">\n\t\t\t\t\t            <section class=\"pds-cs-challenge pds-cs-challenge--mockup\">\n                <div class=\"pds-container\">\n                    <div class=\"pds-cs-challenge__inner\">\n                        <div class=\"pds-cs-challenge__left\">\n                                    <h2 class=\"pds-cs-section-heading\">El problema<\/h2>\n                                                            <p class=\"pds-cs-challenge__intro\">Cuando la demanda de producci\u00f3n aument\u00f3, el departamento de ingenier\u00eda se convirti\u00f3 en el cuello de botella.<\/p>\n                                                    <\/div>\n                        <div class=\"pds-cs-challenge__right\">\n                                                                                                <div class=\"pds-cs-challenge__item\">\n                                        <div class=\"pds-cs-challenge__item-icon\" aria-hidden=\"true\">\n                                                    <svg viewbox=\"0 0 24 24\" class=\"pds-cs-challenge__icon-svg\" xmlns=\"http:\/\/www.w3.org\/2000\/svg\" fill=\"currentColor\">\n            <path d=\"M13 7h-2v4H7v2h4v4h2v-4h4v-2h-4V7zm-1-5C6.48 2 2 6.48 2 12s4.48 10 10 10 10-4.48 10-10S17.52 2 12 2z\"\/>\n        <\/svg>\n                                                <\/div>\n                                        <div class=\"pds-cs-challenge__item-content\">\n                                            <h4 class=\"pds-cs-challenge__item-title\">Brechas de capacidad<\/h4>\n                                            <p class=\"pds-cs-challenge__item-desc\">Los vol\u00famenes vol\u00e1tiles de pedidos crearon \"picos\" que el personal interno no pudo absorber.<\/p>\n                                        <\/div>\n                                    <\/div>\n                                                                    <div class=\"pds-cs-challenge__item\">\n                                        <div class=\"pds-cs-challenge__item-icon\" aria-hidden=\"true\">\n                                                    <svg viewbox=\"0 0 24 24\" class=\"pds-cs-challenge__icon-svg\" xmlns=\"http:\/\/www.w3.org\/2000\/svg\" fill=\"currentColor\">\n            <path d=\"M12 2C6.48 2 2 6.48 2 12s4.48 10 10 10 10-4.48 10-10S17.52 2 12 2zm1 15h-2v-2h2v2zm0-4h-2V7h2v6z\"\/>\n        <\/svg>\n                                                <\/div>\n                                        <div class=\"pds-cs-challenge__item-content\">\n                                            <h4 class=\"pds-cs-challenge__item-title\">El riesgo de contrataci\u00f3n<\/h4>\n                                            <p class=\"pds-cs-challenge__item-desc\">La incorporaci\u00f3n de nuevos ingenieros lleva m\u00e1s de 3 meses; Formaspace necesitaba velocidad ahora.<\/p>\n                                        <\/div>\n                                    <\/div>\n                                                                    <div class=\"pds-cs-challenge__item\">\n                                        <div class=\"pds-cs-challenge__item-icon\" aria-hidden=\"true\">\n                                                    <svg viewbox=\"0 0 24 24\" class=\"pds-cs-challenge__icon-svg\" xmlns=\"http:\/\/www.w3.org\/2000\/svg\" fill=\"currentColor\">\n            <path d=\"M19.43 12.98c.04-.32.07-.64.07-.98s-.03-.66-.07-.98l2.11-1.65c.19-.15.24-.42.12-.64l-2-3.46c-.12-.22-.39-.3-.61-.22l-2.49 1c-.52-.4-1.08-.73-1.69-.98l-.38-2.65C14.46 2.18 14.25 2 14 2h-4c-.25 0-.46.18-.49.42l-.38 2.65c-.61.25-1.17.59-1.69.98l-2.49-1c-.23-.09-.49 0-.61.22l-2 3.46c-.13.22-.07.49.12.64l2.11 1.65c-.04.32-.07.65-.07.98s.03.66.07.98l-2.11 1.65c-.19.15-.24.42-.12.64l2 3.46c.12.22.39.3.61.22l2.49-1c.52.4 1.08.73 1.69.98l.38 2.65c.03.24.24.42.49.42h4c.25 0 .46-.18.49-.42l.38-2.65c.61-.25 1.17-.59 1.69-.98l2.49 1c.23.09.49 0 .61-.22l2-3.46c.12-.22.07-.49-.12-.64l-2.11-1.65zM12 15.5c-1.93 0-3.5-1.57-3.5-3.5s1.57-3.5 3.5-3.5 3.5 1.57 3.5 3.5-1.57 3.5-3.5 3.5z\"\/>\n        <\/svg>\n                                                <\/div>\n                                        <div class=\"pds-cs-challenge__item-content\">\n                                            <h4 class=\"pds-cs-challenge__item-title\">Deuda t\u00e9cnica<\/h4>\n                                            <p class=\"pds-cs-challenge__item-desc\">Los archivos CAD antiguos no eran param\u00e9tricos, lo que hac\u00eda que las revisiones simples se convirtieran en una pesadilla manual.<\/p>\n                                        <\/div>\n                                    <\/div>\n                                                                                    <\/div>\n                    <\/div>\n                <\/div>\n            <\/section>\n            \t\t\t\t<\/div>\n\t\t\t\t<\/div>\n\t\t\t\t<\/div>\n\t\t<div class=\"elementor-element elementor-element-b7b7336 e-con-full e-flex e-con e-parent\" data-id=\"b7b7336\" data-element_type=\"container\" data-e-type=\"container\">\n\t\t\t\t<div class=\"elementor-element elementor-element-9f41954 elementor-widget elementor-widget-pds-case-study-section\" data-id=\"9f41954\" data-element_type=\"widget\" data-e-type=\"widget\" data-widget_type=\"pds-case-study-section.default\">\n\t\t\t\t<div class=\"elementor-widget-container\">\n\t\t\t\t\t            <section class=\"pds-cs-solution pds-cs-solution--mockup\">\n                <div class=\"pds-container\">\n                    <h2 class=\"pds-cs-section-heading\">La soluci\u00f3n &quot;Plus Design&quot;<\/h2>\n                                            <div class=\"pds-cs-solution__grid\">\n                                                            <div class=\"pds-cs-solution__item pds-cs-solution__item--mockup\">\n                                    <div class=\"pds-cs-solution__step-number\">1<\/div>\n                                    <h3 class=\"pds-cs-solution__item-title\">Alineaci\u00f3n estrat\u00e9gica<\/h3>\n                                    <p class=\"pds-cs-solution__item-desc\">No nos limitamos a \"asumir tareas\". Aprendimos el ADN CAD, la l\u00f3gica de hardware y los est\u00e1ndares de taller espec\u00edficos de Formaspace.<\/p>\n                                <\/div>\n                                                            <div class=\"pds-cs-solution__item pds-cs-solution__item--mockup\">\n                                    <div class=\"pds-cs-solution__step-number\">2<\/div>\n                                    <h3 class=\"pds-cs-solution__item-title\">Reconstrucci\u00f3n param\u00e9trica<\/h3>\n                                    <p class=\"pds-cs-solution__item-desc\">Nuestro equipo transform\u00f3 archivos heredados en modelos param\u00e9tricos inteligentes, lo que permiti\u00f3 variaciones de productos casi instant\u00e1neas.<\/p>\n                                <\/div>\n                                                            <div class=\"pds-cs-solution__item pds-cs-solution__item--mockup\">\n                                    <div class=\"pds-cs-solution__step-number\">3<\/div>\n                                    <h3 class=\"pds-cs-solution__item-title\">Capacidad disponible bajo demanda<\/h3>\n                                    <p class=\"pds-cs-solution__item-desc\">Establecimos un equipo remoto \"plug-and-play\" que aumenta o reduce la producci\u00f3n seg\u00fan los objetivos de producci\u00f3n semanales de Formaspace.<\/p>\n                                <\/div>\n                                                    <\/div>\n                                    <\/div>\n            <\/section>\n            \t\t\t\t<\/div>\n\t\t\t\t<\/div>\n\t\t\t\t<\/div>\n\t\t<div class=\"elementor-element elementor-element-ea07ecf e-con-full e-flex e-con e-parent\" data-id=\"ea07ecf\" data-element_type=\"container\" data-e-type=\"container\">\n\t\t\t\t<div class=\"elementor-element elementor-element-5a26fd1 elementor-widget elementor-widget-pds-case-study-section\" data-id=\"5a26fd1\" data-element_type=\"widget\" data-e-type=\"widget\" data-widget_type=\"pds-case-study-section.default\">\n\t\t\t\t<div class=\"elementor-widget-container\">\n\t\t\t\t\t            <section class=\"pds-cs-impact pds-cs-impact--mockup\">\n                <div class=\"pds-container\">\n                    <h2 class=\"pds-cs-section-heading\">El impacto<\/h2>\n                                            <div class=\"pds-cs-impact__grid\">\n                                                            <div class=\"pds-cs-impact__card\">\n                                    <div class=\"pds-cs-impact__value\">10+<\/div>\n                                    <div class=\"pds-cs-impact__label\">a\u00f1os<\/div>\n                                                                            <p class=\"pds-cs-impact__desc\">Asociaci\u00f3n continua, lo que demuestra una estabilidad remota.<\/p>\n                                                                    <\/div>\n                                                            <div class=\"pds-cs-impact__card\">\n                                    <div class=\"pds-cs-impact__value\">100%<\/div>\n                                    <div class=\"pds-cs-impact__label\">Precisi\u00f3n<\/div>\n                                                                            <p class=\"pds-cs-impact__desc\">Planos listos para taller que funcionan como un reloj.<\/p>\n                                                                    <\/div>\n                                                            <div class=\"pds-cs-impact__card\">\n                                    <div class=\"pds-cs-impact__value\">Cero<\/div>\n                                    <div class=\"pds-cs-impact__label\">Sobrecarga<\/div>\n                                                                            <p class=\"pds-cs-impact__desc\">Sin n\u00f3mina fija, beneficios ni espacio de oficina.<\/p>\n                                                                    <\/div>\n                                                            <div class=\"pds-cs-impact__card\">\n                                    <div class=\"pds-cs-impact__value\">\u221e<\/div>\n                                    <div class=\"pds-cs-impact__label\">Escalabilidad<\/div>\n                                                                            <p class=\"pds-cs-impact__desc\">Capacidad que se expande a la velocidad de tus ventas.<\/p>\n                                                                    <\/div>\n                                                    <\/div>\n                                    <\/div>\n            <\/section>\n            \t\t\t\t<\/div>\n\t\t\t\t<\/div>\n\t\t\t\t<\/div>\n\t\t<div class=\"elementor-element elementor-element-14cfbda e-con-full e-flex e-con e-parent\" data-id=\"14cfbda\" data-element_type=\"container\" data-e-type=\"container\">\n\t\t\t\t<div class=\"elementor-element elementor-element-73c928c elementor-widget elementor-widget-pds-case-study-section\" data-id=\"73c928c\" data-element_type=\"widget\" data-e-type=\"widget\" data-widget_type=\"pds-case-study-section.default\">\n\t\t\t\t<div class=\"elementor-widget-container\">\n\t\t\t\t\t            <section class=\"pds-cs-verdict pds-cs-verdict--mockup\">\n                <div class=\"pds-container\">\n                    <h2 class=\"pds-cs-section-heading\">El veredicto t\u00e9cnico<\/h2>\n                    <div class=\"pds-cs-verdict__content\">\n                        <div class=\"pds-cs-verdict__art\" aria-hidden=\"true\">\n                                    <svg viewbox=\"0 0 300 220\" fill=\"none\" class=\"pds-cs-verdict__svg\" xmlns=\"http:\/\/www.w3.org\/2000\/svg\">\n            <path d=\"M40 80 L160 40 L280 80 L160 120 Z\" stroke=\"#00A19B\" stroke-width=\"1.5\" fill=\"rgba(0,161,155,0.04)\"\/>\n            <line x1=\"40\" y1=\"80\" x2=\"40\" y2=\"180\" stroke=\"#2D2D2D\" stroke-width=\"1.2\"\/>\n            <line x1=\"280\" y1=\"80\" x2=\"280\" y2=\"180\" stroke=\"#2D2D2D\" stroke-width=\"1.2\"\/>\n            <line x1=\"160\" y1=\"40\" x2=\"160\" y2=\"140\" stroke=\"#2D2D2D\" stroke-width=\"1.2\" stroke-dasharray=\"4 3\"\/>\n            <line x1=\"160\" y1=\"120\" x2=\"160\" y2=\"200\" stroke=\"#2D2D2D\" stroke-width=\"1.2\"\/>\n            <line x1=\"40\" y1=\"160\" x2=\"280\" y2=\"160\" stroke=\"#C0C0C0\" stroke-width=\"1\" stroke-dasharray=\"6 3\"\/>\n            <line x1=\"40\" y1=\"160\" x2=\"160\" y2=\"120\" stroke=\"#C0C0C0\" stroke-width=\"1\" stroke-dasharray=\"6 3\"\/>\n            <line x1=\"280\" y1=\"160\" x2=\"160\" y2=\"120\" stroke=\"#C0C0C0\" stroke-width=\"1\" stroke-dasharray=\"6 3\"\/>\n            <path d=\"M60 155 L160 125 L260 155 L160 175 Z\" stroke=\"#C0C0C0\" stroke-width=\"0.8\" fill=\"rgba(200,200,200,0.08)\" stroke-dasharray=\"3 2\"\/>\n            <circle cx=\"40\" cy=\"80\" r=\"3\" fill=\"#00A19B\" opacity=\"0.6\"\/>\n            <circle cx=\"160\" cy=\"40\" r=\"3\" fill=\"#00A19B\" opacity=\"0.6\"\/>\n            <circle cx=\"280\" cy=\"80\" r=\"3\" fill=\"#00A19B\" opacity=\"0.6\"\/>\n            <circle cx=\"160\" cy=\"120\" r=\"3\" fill=\"#00A19B\" opacity=\"0.6\"\/>\n            <text x=\"150\" y=\"210\" font-family=\"Montserrat, sans-serif\" font-size=\"8\" fill=\"#C0C0C0\" text-anchor=\"middle\" letter-spacing=\"2\">MODELO CAD AL\u00c1MBRICO<\/text>\n        <\/svg>\n                                <\/div>\n                                                    <blockquote class=\"pds-cs-verdict__quote\">\n                                <span class=\"pds-cs-verdict__quote-mark\">&ldquo;<\/span>\n                                Detr\u00e1s de todas las relaciones s\u00f3lidas se encuentran cimientos a\u00fan m\u00e1s s\u00f3lidos. Plus Design Solutions se ha convertido en un componente esencial de nuestra rueda de dise\u00f1o: un socio estrat\u00e9gico confiable durante m\u00e1s de una d\u00e9cada.                            <\/blockquote>\n                                            <\/div>\n                <\/div>\n            <\/section>\n            \t\t\t\t<\/div>\n\t\t\t\t<\/div>\n\t\t\t\t<\/div>\n\t\t<div class=\"elementor-element elementor-element-18fcb95 e-con-full e-flex e-con e-parent\" data-id=\"18fcb95\" data-element_type=\"container\" data-e-type=\"container\">\n\t\t\t\t<\/div>\n\t\t\t\t<\/div>","protected":false},"excerpt":{"rendered":"","protected":false},"author":1,"featured_media":0,"parent":339,"menu_order":0,"comment_status":"closed","ping_status":"closed","template":"","meta":{"_acf_changed":false,"footnotes":""},"class_list":["post-1542","page","type-page","status-publish","hentry"],"acf":[],"_links":{"self":[{"href":"https:\/\/plusdesignsolutions.com\/es\/wp-json\/wp\/v2\/pages\/1542","targetHints":{"allow":["GET"]}}],"collection":[{"href":"https:\/\/plusdesignsolutions.com\/es\/wp-json\/wp\/v2\/pages"}],"about":[{"href":"https:\/\/plusdesignsolutions.com\/es\/wp-json\/wp\/v2\/types\/page"}],"author":[{"embeddable":true,"href":"https:\/\/plusdesignsolutions.com\/es\/wp-json\/wp\/v2\/users\/1"}],"replies":[{"embeddable":true,"href":"https:\/\/plusdesignsolutions.com\/es\/wp-json\/wp\/v2\/comments?post=1542"}],"version-history":[{"count":0,"href":"https:\/\/plusdesignsolutions.com\/es\/wp-json\/wp\/v2\/pages\/1542\/revisions"}],"up":[{"embeddable":true,"href":"https:\/\/plusdesignsolutions.com\/es\/wp-json\/wp\/v2\/pages\/339"}],"wp:attachment":[{"href":"https:\/\/plusdesignsolutions.com\/es\/wp-json\/wp\/v2\/media?parent=1542"}],"curies":[{"name":"wp","href":"https:\/\/api.w.org\/{rel}","templated":true}]}}