{"id":1545,"date":"2026-03-26T18:30:27","date_gmt":"2026-03-26T18:30:27","guid":{"rendered":"http:\/\/plusdesignsolution.local\/case-study\/g-barco\/"},"modified":"2026-03-26T22:47:02","modified_gmt":"2026-03-26T22:47:02","slug":"g-barco","status":"publish","type":"page","link":"https:\/\/plusdesignsolutions.com\/es\/case-study\/g-barco\/","title":{"rendered":"G-Barco Case Study"},"content":{"rendered":"<div data-elementor-type=\"wp-page\" data-elementor-id=\"1545\" class=\"elementor elementor-1545\" data-elementor-post-type=\"page\">\n\t\t\t\t<div class=\"elementor-element elementor-element-82d5aa7 e-con-full e-flex e-con e-parent\" data-id=\"82d5aa7\" data-element_type=\"container\" data-e-type=\"container\">\n\t\t\t\t<div class=\"elementor-element elementor-element-c807bb2 elementor-widget elementor-widget-pds-case-study-section\" data-id=\"c807bb2\" data-element_type=\"widget\" data-e-type=\"widget\" data-widget_type=\"pds-case-study-section.default\">\n\t\t\t\t<div class=\"elementor-widget-container\">\n\t\t\t\t\t        <section class=\"pds-cs-page-hero pds-cs-page-hero--mockup\">\n            <div class=\"pds-container\">\n                                            <div class=\"pds-cs-page-hero__top\">\n            <img decoding=\"async\" class=\"pds-cs-page-hero__logo\" src=\"https:\/\/plusdesignsolutions.com\/wp-content\/uploads\/2023\/12\/Vector-Smart-Object1.png\" alt=\"Plus Design Solutions\">\n        <\/div>\n                            <div class=\"pds-cs-page-hero__icon\" aria-hidden=\"true\">\n                                <svg viewbox=\"0 0 60 60\" fill=\"none\" class=\"pds-cs-page-hero__icon-svg\" xmlns=\"http:\/\/www.w3.org\/2000\/svg\">\n            <rect x=\"8\" y=\"8\" width=\"44\" height=\"44\" rx=\"3\" stroke=\"#00A19B\" stroke-width=\"2.2\" fill=\"none\"\/>\n            <line x1=\"8\" y1=\"18\" x2=\"52\" y2=\"18\" stroke=\"#00A19B\" stroke-width=\"1.5\"\/>\n            <line x1=\"20\" y1=\"8\" x2=\"20\" y2=\"52\" stroke=\"#00A19B\" stroke-width=\"1.5\"\/>\n            <line x1=\"26\" y1=\"28\" x2=\"46\" y2=\"28\" stroke=\"#2D2D2D\" stroke-width=\"1\" stroke-dasharray=\"3 2\"\/>\n            <line x1=\"26\" y1=\"38\" x2=\"46\" y2=\"38\" stroke=\"#2D2D2D\" stroke-width=\"1\" stroke-dasharray=\"3 2\"\/>\n            <line x1=\"36\" y1=\"24\" x2=\"36\" y2=\"42\" stroke=\"#00A19B\" stroke-width=\"0.8\" stroke-dasharray=\"2 2\"\/>\n            <rect x=\"28\" y=\"30\" width=\"16\" height=\"6\" rx=\"1\" stroke=\"#00A19B\" stroke-width=\"1\" fill=\"rgba(0,161,155,0.08)\"\/>\n            <line x1=\"42\" y1=\"44\" x2=\"48\" y2=\"50\" stroke=\"#00A19B\" stroke-width=\"1.5\" stroke-linecap=\"round\"\/>\n            <circle cx=\"42\" cy=\"44\" r=\"1.5\" fill=\"#00A19B\"\/>\n        <\/svg>\n                            <\/div>\n                \n                                    <h1 class=\"pds-cs-page-hero__title\">Planos t\u00e9cnicos y prototipado<\/h1>\n                \n                                    <p class=\"pds-cs-page-hero__subtitle\">Caso de estudio: Plus Design Solutions + G. Barco S.A.S<\/p>\n                \n                                    <p class=\"pds-cs-page-hero__tagline\">\"C\u00f3mo convertimos un concepto de dispositivo m\u00e9dico en una realidad lista para producci\u00f3n: desde los requisitos el\u00e9ctricos hasta la precisi\u00f3n del moldeado por inyecci\u00f3n\".<\/p>\n                \n                                    <div class=\"pds-cs-page-hero__image-wrap\">\n                        <img decoding=\"async\" class=\"pds-cs-page-hero__image\" src=\"https:\/\/plusdesignsolutions.com\/wp-content\/uploads\/2023\/12\/gbarco-hero.jpeg\" alt=\"Planos t\u00e9cnicos y prototipado\">\n                    <\/div>\n                            <\/div>\n        <\/section>\n        \t\t\t\t<\/div>\n\t\t\t\t<\/div>\n\t\t\t\t<\/div>\n\t\t<div class=\"elementor-element elementor-element-9e7fc65 e-con-full e-flex e-con e-parent\" data-id=\"9e7fc65\" data-element_type=\"container\" data-e-type=\"container\">\n\t\t\t\t<div class=\"elementor-element elementor-element-6db5d0c elementor-widget elementor-widget-pds-case-study-section\" data-id=\"6db5d0c\" data-element_type=\"widget\" data-e-type=\"widget\" data-widget_type=\"pds-case-study-section.default\">\n\t\t\t\t<div class=\"elementor-widget-container\">\n\t\t\t\t\t            <section class=\"pds-cs-challenge pds-cs-challenge--mockup\">\n                <div class=\"pds-container\">\n                    <div class=\"pds-cs-challenge__inner\">\n                        <div class=\"pds-cs-challenge__left\">\n                                    <h2 class=\"pds-cs-section-heading\">El desaf\u00edo<\/h2>\n                                                            <p class=\"pds-cs-challenge__intro\">G. Barco S.A.S necesitaba cerrar las brechas de conocimiento y transformar una idea para un sistema de registro de datos en un producto tangible y listo para producci\u00f3n.<\/p>\n                                                    <\/div>\n                        <div class=\"pds-cs-challenge__right\">\n                                                                                                <div class=\"pds-cs-challenge__item\">\n                                        <div class=\"pds-cs-challenge__item-icon\" aria-hidden=\"true\">\n                                                    <svg viewbox=\"0 0 24 24\" class=\"pds-cs-challenge__icon-svg\" xmlns=\"http:\/\/www.w3.org\/2000\/svg\" fill=\"currentColor\">\n            <path d=\"M13 7h-2v4H7v2h4v4h2v-4h4v-2h-4V7zm-1-5C6.48 2 2 6.48 2 12s4.48 10 10 10 10-4.48 10-10S17.52 2 12 2z\"\/>\n        <\/svg>\n                                                <\/div>\n                                        <div class=\"pds-cs-challenge__item-content\">\n                                            <h4 class=\"pds-cs-challenge__item-title\">Brecha entre concepto y producto<\/h4>\n                                            <p class=\"pds-cs-challenge__item-desc\">El equipo ten\u00eda requisitos de sistemas el\u00e9ctricos, pero necesitaba experiencia en dise\u00f1o para convertirlos en un producto viable.<\/p>\n                                        <\/div>\n                                    <\/div>\n                                                                    <div class=\"pds-cs-challenge__item\">\n                                        <div class=\"pds-cs-challenge__item-icon\" aria-hidden=\"true\">\n                                                    <svg viewbox=\"0 0 24 24\" class=\"pds-cs-challenge__icon-svg\" xmlns=\"http:\/\/www.w3.org\/2000\/svg\" fill=\"currentColor\">\n            <path d=\"M12 2C6.48 2 2 6.48 2 12s4.48 10 10 10 10-4.48 10-10S17.52 2 12 2zm1 15h-2v-2h2v2zm0-4h-2V7h2v6z\"\/>\n        <\/svg>\n                                                <\/div>\n                                        <div class=\"pds-cs-challenge__item-content\">\n                                            <h4 class=\"pds-cs-challenge__item-title\">Precisi\u00f3n de fabricaci\u00f3n<\/h4>\n                                            <p class=\"pds-cs-challenge__item-desc\">El dise\u00f1o de la caja requer\u00eda fabricaci\u00f3n por inyecci\u00f3n de pl\u00e1stico, lo que exig\u00eda archivos 3D ultraprecisos y tolerancias verificadas.<\/p>\n                                        <\/div>\n                                    <\/div>\n                                                                    <div class=\"pds-cs-challenge__item\">\n                                        <div class=\"pds-cs-challenge__item-icon\" aria-hidden=\"true\">\n                                                    <svg viewbox=\"0 0 24 24\" class=\"pds-cs-challenge__icon-svg\" xmlns=\"http:\/\/www.w3.org\/2000\/svg\" fill=\"currentColor\">\n            <path d=\"M19.43 12.98c.04-.32.07-.64.07-.98s-.03-.66-.07-.98l2.11-1.65c.19-.15.24-.42.12-.64l-2-3.46c-.12-.22-.39-.3-.61-.22l-2.49 1c-.52-.4-1.08-.73-1.69-.98l-.38-2.65C14.46 2.18 14.25 2 14 2h-4c-.25 0-.46.18-.49.42l-.38 2.65c-.61.25-1.17.59-1.69.98l-2.49-1c-.23-.09-.49 0-.61.22l-2 3.46c-.13.22-.07.49.12.64l2.11 1.65c-.04.32-.07.65-.07.98s.03.66.07.98l-2.11 1.65c-.19.15-.24.42-.12.64l2 3.46c.12.22.39.3.61.22l2.49-1c.52.4 1.08.73 1.69.98l.38 2.65c.03.24.24.42.49.42h4c.25 0 .46-.18.49-.42l.38-2.65c.61-.25 1.17-.59 1.69-.98l2.49 1c.23.09.49 0 .61-.22l2-3.46c.12-.22.07-.49-.12-.64l-2.11-1.65zM12 15.5c-1.93 0-3.5-1.57-3.5-3.5s1.57-3.5 3.5-3.5 3.5 1.57 3.5 3.5-1.57 3.5-3.5 3.5z\"\/>\n        <\/svg>\n                                                <\/div>\n                                        <div class=\"pds-cs-challenge__item-content\">\n                                            <h4 class=\"pds-cs-challenge__item-title\">Validaci\u00f3n de prototipo<\/h4>\n                                            <p class=\"pds-cs-challenge__item-desc\">Los componentes deb\u00edan ajustarse a la perfecci\u00f3n mediante la creaci\u00f3n de prototipos iterativos antes de comprometerse con las herramientas de producci\u00f3n.<\/p>\n                                        <\/div>\n                                    <\/div>\n                                                                                    <\/div>\n                    <\/div>\n                <\/div>\n            <\/section>\n            \t\t\t\t<\/div>\n\t\t\t\t<\/div>\n\t\t\t\t<\/div>\n\t\t<div class=\"elementor-element elementor-element-1e9ae1f e-con-full e-flex e-con e-parent\" data-id=\"1e9ae1f\" data-element_type=\"container\" data-e-type=\"container\">\n\t\t\t\t<div class=\"elementor-element elementor-element-f678245 elementor-widget elementor-widget-pds-case-study-section\" data-id=\"f678245\" data-element_type=\"widget\" data-e-type=\"widget\" data-widget_type=\"pds-case-study-section.default\">\n\t\t\t\t<div class=\"elementor-widget-container\">\n\t\t\t\t\t            <section class=\"pds-cs-solution pds-cs-solution--mockup\">\n                <div class=\"pds-container\">\n                    <h2 class=\"pds-cs-section-heading\">La soluci\u00f3n &quot;Plus Design&quot;<\/h2>\n                                            <div class=\"pds-cs-solution__grid\">\n                                                            <div class=\"pds-cs-solution__item pds-cs-solution__item--mockup\">\n                                    <div class=\"pds-cs-solution__step-number\">1<\/div>\n                                    <h3 class=\"pds-cs-solution__item-title\">Ideaci\u00f3n de dise\u00f1o<\/h3>\n                                    <p class=\"pds-cs-solution__item-desc\">Tomamos los requisitos de su sistema el\u00e9ctrico y los transformamos en un concepto de dise\u00f1o significativo, visualmente cautivador y arquitect\u00f3nicamente brillante.<\/p>\n                                <\/div>\n                                                            <div class=\"pds-cs-solution__item pds-cs-solution__item--mockup\">\n                                    <div class=\"pds-cs-solution__step-number\">2<\/div>\n                                    <h3 class=\"pds-cs-solution__item-title\">Desarrollo de prototipo<\/h3>\n                                    <p class=\"pds-cs-solution__item-desc\">Nuestros especialistas entregaron archivos 3D ultraprecisos listos para imprimir y luego desarrollaron y refinaron el prototipo a la perfecci\u00f3n.<\/p>\n                                <\/div>\n                                                            <div class=\"pds-cs-solution__item pds-cs-solution__item--mockup\">\n                                    <div class=\"pds-cs-solution__step-number\">3<\/div>\n                                    <h3 class=\"pds-cs-solution__item-title\">Verificaci\u00f3n de producci\u00f3n<\/h3>\n                                    <p class=\"pds-cs-solution__item-desc\">Generamos dibujos t\u00e9cnicos y realizamos verificaci\u00f3n de modelos 3D para la fabricaci\u00f3n por inyecci\u00f3n de pl\u00e1stico, listos para la l\u00ednea de producci\u00f3n.<\/p>\n                                <\/div>\n                                                    <\/div>\n                                    <\/div>\n            <\/section>\n            \t\t\t\t<\/div>\n\t\t\t\t<\/div>\n\t\t\t\t<\/div>\n\t\t<div class=\"elementor-element elementor-element-cf117e6 e-con-full e-flex e-con e-parent\" data-id=\"cf117e6\" data-element_type=\"container\" data-e-type=\"container\">\n\t\t\t\t<div class=\"elementor-element elementor-element-ffe11ca elementor-widget elementor-widget-pds-case-study-section\" data-id=\"ffe11ca\" data-element_type=\"widget\" data-e-type=\"widget\" data-widget_type=\"pds-case-study-section.default\">\n\t\t\t\t<div class=\"elementor-widget-container\">\n\t\t\t\t\t            <section class=\"pds-cs-impact pds-cs-impact--mockup\">\n                <div class=\"pds-container\">\n                    <h2 class=\"pds-cs-section-heading\">El impacto<\/h2>\n                                            <div class=\"pds-cs-impact__grid\">\n                                                            <div class=\"pds-cs-impact__card\">\n                                    <div class=\"pds-cs-impact__value\">Idea -&gt; realidad<\/div>\n                                    <div class=\"pds-cs-impact__label\">Ciclo completo<\/div>\n                                                                            <p class=\"pds-cs-impact__desc\">Desde requisitos el\u00e9ctricos hasta piezas de producci\u00f3n moldeadas por inyecci\u00f3n.<\/p>\n                                                                    <\/div>\n                                                            <div class=\"pds-cs-impact__card\">\n                                    <div class=\"pds-cs-impact__value\">Listo para impresi\u00f3n<\/div>\n                                    <div class=\"pds-cs-impact__label\">Archivos 3D<\/div>\n                                                                            <p class=\"pds-cs-impact__desc\">Modelos ultraprecisos listos para la creaci\u00f3n de prototipos y herramientas de producci\u00f3n.<\/p>\n                                                                    <\/div>\n                                                            <div class=\"pds-cs-impact__card\">\n                                    <div class=\"pds-cs-impact__value\">Verificaci\u00f3n<\/div>\n                                    <div class=\"pds-cs-impact__label\">Ensamblaje<\/div>\n                                                                            <p class=\"pds-cs-impact__desc\">Componentes ajustados a la perfecci\u00f3n mediante ensamblaje y verificaci\u00f3n de piezas.<\/p>\n                                                                    <\/div>\n                                                            <div class=\"pds-cs-impact__card\">\n                                    <div class=\"pds-cs-impact__value\">Inyecci\u00f3n<\/div>\n                                    <div class=\"pds-cs-impact__label\">Lista<\/div>\n                                                                            <p class=\"pds-cs-impact__desc\">Planos t\u00e9cnicos verificados para fabricaci\u00f3n por inyecci\u00f3n de pl\u00e1stico.<\/p>\n                                                                    <\/div>\n                                                    <\/div>\n                                    <\/div>\n            <\/section>\n            \t\t\t\t<\/div>\n\t\t\t\t<\/div>\n\t\t\t\t<\/div>\n\t\t<div class=\"elementor-element elementor-element-585dd94 e-con-full e-flex e-con e-parent\" data-id=\"585dd94\" data-element_type=\"container\" data-e-type=\"container\">\n\t\t\t\t<div class=\"elementor-element elementor-element-b93a50c elementor-widget elementor-widget-pds-case-study-section\" data-id=\"b93a50c\" data-element_type=\"widget\" data-e-type=\"widget\" data-widget_type=\"pds-case-study-section.default\">\n\t\t\t\t<div class=\"elementor-widget-container\">\n\t\t\t\t\t            <section class=\"pds-cs-verdict pds-cs-verdict--mockup\">\n                <div class=\"pds-container\">\n                    <h2 class=\"pds-cs-section-heading\">El veredicto t\u00e9cnico<\/h2>\n                    <div class=\"pds-cs-verdict__content\">\n                        <div class=\"pds-cs-verdict__art\" aria-hidden=\"true\">\n                                    <svg viewbox=\"0 0 300 220\" fill=\"none\" class=\"pds-cs-verdict__svg\" xmlns=\"http:\/\/www.w3.org\/2000\/svg\">\n            <path d=\"M60 90 L150 50 L240 90 L240 160 L150 200 L60 160 Z\" stroke=\"#2D2D2D\" stroke-width=\"1.2\" fill=\"none\"\/>\n            <path d=\"M60 90 L150 130 L240 90\" stroke=\"#2D2D2D\" stroke-width=\"1\" fill=\"none\"\/>\n            <line x1=\"150\" y1=\"130\" x2=\"150\" y2=\"200\" stroke=\"#2D2D2D\" stroke-width=\"1\"\/>\n            <path d=\"M90 78 L150 58 L210 78 L210 115 L150 135 L90 115 Z\" stroke=\"#00A19B\" stroke-width=\"1.5\" fill=\"rgba(0,161,155,0.08)\"\/>\n            <text x=\"140\" y=\"88\" font-family=\"monospace\" font-size=\"14\" fill=\"#00A19B\" opacity=\"0.7\">85,5\u00b0<\/text>\n            <text x=\"140\" y=\"108\" font-family=\"monospace\" font-size=\"10\" fill=\"#00A19B\" opacity=\"0.5\">40.2%<\/text>\n            <circle cx=\"220\" cy=\"105\" r=\"4\" stroke=\"#C0C0C0\" stroke-width=\"1\" fill=\"none\"\/>\n            <circle cx=\"220\" cy=\"105\" r=\"1.5\" fill=\"#C0C0C0\" opacity=\"0.5\"\/>\n            <rect x=\"140\" y=\"195\" width=\"20\" height=\"6\" rx=\"1\" stroke=\"#C0C0C0\" stroke-width=\"0.8\" fill=\"none\"\/>\n            <text x=\"150\" y=\"215\" font-family=\"Montserrat, sans-serif\" font-size=\"8\" fill=\"#C0C0C0\" text-anchor=\"middle\" letter-spacing=\"2\">CARCASA DEL DATA LOGGER<\/text>\n        <\/svg>\n                                <\/div>\n                                                    <blockquote class=\"pds-cs-verdict__quote\">\n                                <span class=\"pds-cs-verdict__quote-mark\">&ldquo;<\/span>\n                                Un producto es tan bueno como el equipo que lo respalda. Plus Design Solutions cerr\u00f3 nuestras brechas de conocimiento, implement\u00f3 soluciones de vanguardia y convirti\u00f3 nuestra idea en una realidad tangible: visualmente cautivadora y arquitect\u00f3nicamente brillante a partes iguales.                            <\/blockquote>\n                                            <\/div>\n                <\/div>\n            <\/section>\n            \t\t\t\t<\/div>\n\t\t\t\t<\/div>\n\t\t\t\t<\/div>\n\t\t<div class=\"elementor-element elementor-element-bc4fa9d e-con-full e-flex e-con e-parent\" data-id=\"bc4fa9d\" data-element_type=\"container\" data-e-type=\"container\">\n\t\t\t\t<\/div>\n\t\t\t\t<\/div>","protected":false},"excerpt":{"rendered":"","protected":false},"author":1,"featured_media":0,"parent":339,"menu_order":0,"comment_status":"closed","ping_status":"closed","template":"","meta":{"_acf_changed":false,"footnotes":""},"class_list":["post-1545","page","type-page","status-publish","hentry"],"acf":[],"_links":{"self":[{"href":"https:\/\/plusdesignsolutions.com\/es\/wp-json\/wp\/v2\/pages\/1545","targetHints":{"allow":["GET"]}}],"collection":[{"href":"https:\/\/plusdesignsolutions.com\/es\/wp-json\/wp\/v2\/pages"}],"about":[{"href":"https:\/\/plusdesignsolutions.com\/es\/wp-json\/wp\/v2\/types\/page"}],"author":[{"embeddable":true,"href":"https:\/\/plusdesignsolutions.com\/es\/wp-json\/wp\/v2\/users\/1"}],"replies":[{"embeddable":true,"href":"https:\/\/plusdesignsolutions.com\/es\/wp-json\/wp\/v2\/comments?post=1545"}],"version-history":[{"count":0,"href":"https:\/\/plusdesignsolutions.com\/es\/wp-json\/wp\/v2\/pages\/1545\/revisions"}],"up":[{"embeddable":true,"href":"https:\/\/plusdesignsolutions.com\/es\/wp-json\/wp\/v2\/pages\/339"}],"wp:attachment":[{"href":"https:\/\/plusdesignsolutions.com\/es\/wp-json\/wp\/v2\/media?parent=1545"}],"curies":[{"name":"wp","href":"https:\/\/api.w.org\/{rel}","templated":true}]}}