{"id":1546,"date":"2026-03-26T18:30:27","date_gmt":"2026-03-26T18:30:27","guid":{"rendered":"http:\/\/plusdesignsolution.local\/parametric-3d-modeling\/"},"modified":"2026-04-30T21:26:59","modified_gmt":"2026-04-30T21:26:59","slug":"cad-capacity-extension","status":"publish","type":"page","link":"https:\/\/plusdesignsolutions.com\/es\/cad-capacity-extension\/","title":{"rendered":"Extensi\u00f3n de capacidad CAD"},"content":{"rendered":"<div data-elementor-type=\"wp-page\" data-elementor-id=\"1546\" class=\"elementor elementor-1546\" data-elementor-post-type=\"page\">\n\t\t\t\t<div class=\"elementor-element elementor-element-1879f32 e-con-full e-flex e-con e-parent\" data-id=\"1879f32\" data-element_type=\"container\" data-e-type=\"container\">\n\t\t\t\t<div class=\"elementor-element elementor-element-bef08fa elementor-widget elementor-widget-pds-service-page\" data-id=\"bef08fa\" data-element_type=\"widget\" data-e-type=\"widget\" data-widget_type=\"pds-service-page.default\">\n\t\t\t\t<div class=\"elementor-widget-container\">\n\t\t\t\t\t        <section class=\"pds-sp-overview\">\n            <div class=\"pds-container\">\n                <div class=\"pds-sp-overview__inner\">\n                    <div class=\"pds-sp-overview__left\">\n                        <h2 class=\"pds-sp-overview__service-name\">Extensi\u00f3n de capacidad CAD<\/h2>\n                        <div class=\"pds-sp-overview__text\">\n                            <p>Trabajamos como una extensi\u00f3n de su equipo de ingenier\u00eda o desarrollo de productos, ayud\u00e1ndolo a aumentar la producci\u00f3n y mantener el impulso sin agregar personal interno.<\/p>                        <\/div>\n                    <\/div>\n                                            <div class=\"pds-sp-overview__right\">\n                            <h2 class=\"pds-sp-side-heading\">Alcance t\u00edpico<\/h2>\n                            <ul class=\"pds-sp-bullet-list\">\n                                                                                                        <li>modelado de productos 3D<\/li>\n                                                                                                        <li>Planos de taller para fabricaci\u00f3n.<\/li>\n                                                                                                        <li>Actualizaciones de productos y revisiones de ingenier\u00eda.<\/li>\n                                                                                                        <li>Modelos CAD 3D param\u00e9tricos y familias de productos.<\/li>\n                                                                                                        <li>Documentaci\u00f3n de instalaci\u00f3n<\/li>\n                                                                                                        <li>Documentaci\u00f3n de producci\u00f3n y taller.<\/li>\n                                                                                                        <li>Soporte y limpieza de BOM<\/li>\n                                                                                                        <li>Archivos listos para CNC<\/li>\n                                                                                                        <li>Soporte de lanzamiento de producci\u00f3n<\/li>\n                                                            <\/ul>\n                        <\/div>\n                                    <\/div>\n            <\/div>\n        <\/section>\n\n                    <section class=\"pds-sp-bestfit\">\n                <div class=\"pds-container\">\n                                            <h2 class=\"pds-sp-section-heading\">Ideal para<\/h2>\n                        <ul class=\"pds-sp-bullet-list pds-sp-bullet-list--bestfit\">\n                                                                                            <li>Fabricantes de muebles<\/li>\n                                                                                            <li>Empresas de mobiliario t\u00e9cnico<\/li>\n                                                                                            <li>Fabricantes de sistemas modulares y de almacenamiento<\/li>\n                                                                                            <li>Fabricantes en crecimiento que est\u00e1n ampliando su capacidad para lanzar nuevas familias de productos de forma r\u00e1pida y eficiente.<\/li>\n                                                                                            <li>Fabricantes orientados al producto con necesidades recurrentes de dibujo t\u00e9cnico y documentaci\u00f3n<\/li>\n                                                    <\/ul>\n                                    <\/div>\n            <\/section>\n        \n                    <section class=\"pds-sp-scope\">\n                <div class=\"pds-container\">\n                    <h2 class=\"pds-sp-section-heading\">Qu\u00e9 incluye<\/h2>\n                    <div class=\"pds-sp-scope__list\">\n                                                    <div class=\"pds-sp-scope__item\">\n                                <div class=\"pds-sp-scope__number\">01<\/div>\n                                <span class=\"pds-sp-scope__text\">modelado de productos 3D<\/span>\n                            <\/div>\n                                                    <div class=\"pds-sp-scope__item\">\n                                <div class=\"pds-sp-scope__number\">02<\/div>\n                                <span class=\"pds-sp-scope__text\">Modelado param\u00e9trico para variantes de producto repetibles<\/span>\n                            <\/div>\n                                                    <div class=\"pds-sp-scope__item\">\n                                <div class=\"pds-sp-scope__number\">03<\/div>\n                                <span class=\"pds-sp-scope__text\">Verificaci\u00f3n de producto y revisi\u00f3n de dise\u00f1o<\/span>\n                            <\/div>\n                                                    <div class=\"pds-sp-scope__item\">\n                                <div class=\"pds-sp-scope__number\">04<\/div>\n                                <span class=\"pds-sp-scope__text\">Soporte de desarrollo conceptual<\/span>\n                            <\/div>\n                                                    <div class=\"pds-sp-scope__item\">\n                                <div class=\"pds-sp-scope__number\">05<\/div>\n                                <span class=\"pds-sp-scope__text\">Documentaci\u00f3n de instalaci\u00f3n<\/span>\n                            <\/div>\n                                                    <div class=\"pds-sp-scope__item\">\n                                <div class=\"pds-sp-scope__number\">06<\/div>\n                                <span class=\"pds-sp-scope__text\">Planos de taller y documentaci\u00f3n t\u00e9cnica<\/span>\n                            <\/div>\n                                                    <div class=\"pds-sp-scope__item\">\n                                <div class=\"pds-sp-scope__number\">07<\/div>\n                                <span class=\"pds-sp-scope__text\">Depuraci\u00f3n de BOM y organizaci\u00f3n de metadatos<\/span>\n                            <\/div>\n                                                    <div class=\"pds-sp-scope__item\">\n                                <div class=\"pds-sp-scope__number\">08<\/div>\n                                <span class=\"pds-sp-scope__text\">Preparaci\u00f3n de archivos listos para CNC<\/span>\n                            <\/div>\n                                                    <div class=\"pds-sp-scope__item\">\n                                <div class=\"pds-sp-scope__number\">09<\/div>\n                                <span class=\"pds-sp-scope__text\">Soporte para lanzamientos de producci\u00f3n a tiempo<\/span>\n                            <\/div>\n                                            <\/div>\n                <\/div>\n            <\/section>\n        \n        \t\t\t\t<\/div>\n\t\t\t\t<\/div>\n\t\t\t\t<\/div>\n\t\t\t\t<\/div>","protected":false},"excerpt":{"rendered":"<p>Service 01 CAD Capacity Extension For companies that need ongoing CAD support. What We Do We work as an extension of your engineering or product development team, helping you increase output and maintain momentum without adding internal headcount. Plus Design Solutions partners with industrial product teams that need ongoing support to scale their product design [&hellip;]<\/p>\n","protected":false},"author":1,"featured_media":0,"parent":0,"menu_order":0,"comment_status":"closed","ping_status":"closed","template":"","meta":{"_acf_changed":false,"footnotes":""},"categories":[],"tags":[],"class_list":["post-1546","page","type-page","status-publish","hentry"],"acf":[],"_links":{"self":[{"href":"https:\/\/plusdesignsolutions.com\/es\/wp-json\/wp\/v2\/pages\/1546","targetHints":{"allow":["GET"]}}],"collection":[{"href":"https:\/\/plusdesignsolutions.com\/es\/wp-json\/wp\/v2\/pages"}],"about":[{"href":"https:\/\/plusdesignsolutions.com\/es\/wp-json\/wp\/v2\/types\/page"}],"author":[{"embeddable":true,"href":"https:\/\/plusdesignsolutions.com\/es\/wp-json\/wp\/v2\/users\/1"}],"replies":[{"embeddable":true,"href":"https:\/\/plusdesignsolutions.com\/es\/wp-json\/wp\/v2\/comments?post=1546"}],"version-history":[{"count":1,"href":"https:\/\/plusdesignsolutions.com\/es\/wp-json\/wp\/v2\/pages\/1546\/revisions"}],"predecessor-version":[{"id":1781,"href":"https:\/\/plusdesignsolutions.com\/es\/wp-json\/wp\/v2\/pages\/1546\/revisions\/1781"}],"wp:attachment":[{"href":"https:\/\/plusdesignsolutions.com\/es\/wp-json\/wp\/v2\/media?parent=1546"}],"wp:term":[{"taxonomy":"category","embeddable":true,"href":"https:\/\/plusdesignsolutions.com\/es\/wp-json\/wp\/v2\/categories?post=1546"},{"taxonomy":"post_tag","embeddable":true,"href":"https:\/\/plusdesignsolutions.com\/es\/wp-json\/wp\/v2\/tags?post=1546"}],"curies":[{"name":"wp","href":"https:\/\/api.w.org\/{rel}","templated":true}]}}