{"id":1547,"date":"2026-03-26T18:30:27","date_gmt":"2026-03-26T18:30:27","guid":{"rendered":"http:\/\/plusdesignsolution.local\/cad-libraries-optimization\/"},"modified":"2026-03-27T10:24:49","modified_gmt":"2026-03-27T10:24:49","slug":"legacy-cad-modernization","status":"publish","type":"page","link":"https:\/\/plusdesignsolutions.com\/es\/legacy-cad-modernization\/","title":{"rendered":"Modernizaci\u00f3n de CAD heredado"},"content":{"rendered":"<div data-elementor-type=\"wp-page\" data-elementor-id=\"1547\" class=\"elementor elementor-1547\" data-elementor-post-type=\"page\">\n\t\t\t\t<div class=\"elementor-element elementor-element-c2a2cdb e-con-full e-flex e-con e-parent\" data-id=\"c2a2cdb\" data-element_type=\"container\" data-e-type=\"container\">\n\t\t\t\t<div class=\"elementor-element elementor-element-119f31a elementor-widget elementor-widget-pds-service-page\" data-id=\"119f31a\" data-element_type=\"widget\" data-e-type=\"widget\" data-widget_type=\"pds-service-page.default\">\n\t\t\t\t<div class=\"elementor-widget-container\">\n\t\t\t\t\t        <section class=\"pds-sp-overview\">\n            <div class=\"pds-container\">\n                <div class=\"pds-sp-overview__inner\">\n                    <div class=\"pds-sp-overview__left\">\n                        <h2 class=\"pds-sp-overview__service-name\">Modernizaci\u00f3n de CAD heredado<\/h2>\n                        <div class=\"pds-sp-overview__text\">\n                            <p>Transformamos CAD heredado en modelos 3D param\u00e9tricos, limpios y reutilizables que mejoran la coherencia, simplifican las actualizaciones futuras y crean una base m\u00e1s s\u00f3lida para la fabricaci\u00f3n, la documentaci\u00f3n y el crecimiento de la l\u00ednea de productos.<\/p>                        <\/div>\n                    <\/div>\n                                            <div class=\"pds-sp-overview__right\">\n                            <h2 class=\"pds-sp-side-heading\">Alcance t\u00edpico<\/h2>\n                            <ul class=\"pds-sp-bullet-list\">\n                                                                                                        <li>Reconstrucciones CAD heredadas<\/li>\n                                                                                                        <li>Arquitectura de producto param\u00e9trica<\/li>\n                                                                                                        <li>Estandarizaci\u00f3n de familias de productos<\/li>\n                                                                                                        <li>Limpieza y actualizaciones de la biblioteca.<\/li>\n                                                                                                        <li>Limpieza de configuraci\u00f3n<\/li>\n                                                                                                        <li>Nueva creaci\u00f3n de familia param\u00e9trica.<\/li>\n                                                                                                        <li>Reconstrucciones de modelos estructurados<\/li>\n                                                                                                        <li>Soporte de dise\u00f1o desde el concepto hasta la producci\u00f3n<\/li>\n                                                            <\/ul>\n                        <\/div>\n                                    <\/div>\n            <\/div>\n        <\/section>\n\n                    <section class=\"pds-sp-bestfit\">\n                <div class=\"pds-container\">\n                                            <h2 class=\"pds-sp-section-heading\">Best fit for<\/h2>\n                        <ul class=\"pds-sp-bullet-list pds-sp-bullet-list--bestfit\">\n                                                                                            <li>OEM<\/li>\n                                                                                            <li>Fabricantes de carpinter\u00eda arquitect\u00f3nica<\/li>\n                                                                                            <li>Fabricantes de cerramientos y carcasas<\/li>\n                                                                                            <li>Companies looking to update their CAD libraries and files to support automated workflows.<\/li>\n                                                                                            <li>Fabricantes de muebles<\/li>\n                                                                                            <li>Fabricantes de productos<\/li>\n                                                    <\/ul>\n                                    <\/div>\n            <\/section>\n        \n                    <section class=\"pds-sp-scope\">\n                <div class=\"pds-container\">\n                    <h2 class=\"pds-sp-section-heading\">Qu\u00e9 incluye<\/h2>\n                    <div class=\"pds-sp-scope__list\">\n                                                    <div class=\"pds-sp-scope__item\">\n                                <div class=\"pds-sp-scope__number\">01<\/div>\n                                <span class=\"pds-sp-scope__text\">Parametric CAD rebuilds<\/span>\n                            <\/div>\n                                                    <div class=\"pds-sp-scope__item\">\n                                <div class=\"pds-sp-scope__number\">02<\/div>\n                                <span class=\"pds-sp-scope__text\">Library preparation for AI-ready platforms<\/span>\n                            <\/div>\n                                                    <div class=\"pds-sp-scope__item\">\n                                <div class=\"pds-sp-scope__number\">03<\/div>\n                                <span class=\"pds-sp-scope__text\">Product family development using iLogic<\/span>\n                            <\/div>\n                                                    <div class=\"pds-sp-scope__item\">\n                                <div class=\"pds-sp-scope__number\">04<\/div>\n                                <span class=\"pds-sp-scope__text\">Library maintenance and optimization<\/span>\n                            <\/div>\n                                                    <div class=\"pds-sp-scope__item\">\n                                <div class=\"pds-sp-scope__number\">05<\/div>\n                                <span class=\"pds-sp-scope__text\">Configuration cleanup and standardization<\/span>\n                            <\/div>\n                                                    <div class=\"pds-sp-scope__item\">\n                                <div class=\"pds-sp-scope__number\">06<\/div>\n                                <span class=\"pds-sp-scope__text\">Product family creation<\/span>\n                            <\/div>\n                                                    <div class=\"pds-sp-scope__item\">\n                                <div class=\"pds-sp-scope__number\">07<\/div>\n                                <span class=\"pds-sp-scope__text\">Reconstrucciones de modelos estructurados<\/span>\n                            <\/div>\n                                                    <div class=\"pds-sp-scope__item\">\n                                <div class=\"pds-sp-scope__number\">08<\/div>\n                                <span class=\"pds-sp-scope__text\">Concept design development support<\/span>\n                            <\/div>\n                                            <\/div>\n                <\/div>\n            <\/section>\n        \n        \t\t\t\t<\/div>\n\t\t\t\t<\/div>\n\t\t\t\t<\/div>\n\t\t\t\t<\/div>","protected":false},"excerpt":{"rendered":"","protected":false},"author":1,"featured_media":0,"parent":0,"menu_order":0,"comment_status":"closed","ping_status":"closed","template":"","meta":{"_acf_changed":false,"footnotes":""},"class_list":["post-1547","page","type-page","status-publish","hentry"],"acf":[],"_links":{"self":[{"href":"https:\/\/plusdesignsolutions.com\/es\/wp-json\/wp\/v2\/pages\/1547","targetHints":{"allow":["GET"]}}],"collection":[{"href":"https:\/\/plusdesignsolutions.com\/es\/wp-json\/wp\/v2\/pages"}],"about":[{"href":"https:\/\/plusdesignsolutions.com\/es\/wp-json\/wp\/v2\/types\/page"}],"author":[{"embeddable":true,"href":"https:\/\/plusdesignsolutions.com\/es\/wp-json\/wp\/v2\/users\/1"}],"replies":[{"embeddable":true,"href":"https:\/\/plusdesignsolutions.com\/es\/wp-json\/wp\/v2\/comments?post=1547"}],"version-history":[{"count":0,"href":"https:\/\/plusdesignsolutions.com\/es\/wp-json\/wp\/v2\/pages\/1547\/revisions"}],"wp:attachment":[{"href":"https:\/\/plusdesignsolutions.com\/es\/wp-json\/wp\/v2\/media?parent=1547"}],"curies":[{"name":"wp","href":"https:\/\/api.w.org\/{rel}","templated":true}]}}