{"id":1549,"date":"2026-03-26T18:30:27","date_gmt":"2026-03-26T18:30:27","guid":{"rendered":"http:\/\/plusdesignsolution.local\/decision-support\/"},"modified":"2026-03-27T10:24:49","modified_gmt":"2026-03-27T10:24:49","slug":"visual-decision-assets","status":"publish","type":"page","link":"https:\/\/plusdesignsolutions.com\/es\/visual-decision-assets\/","title":{"rendered":"Recursos visuales para la toma de decisiones"},"content":{"rendered":"<div data-elementor-type=\"wp-page\" data-elementor-id=\"1549\" class=\"elementor elementor-1549\" data-elementor-post-type=\"page\">\n\t\t\t\t<div class=\"elementor-element elementor-element-b9420f0 e-con-full e-flex e-con e-parent\" data-id=\"b9420f0\" data-element_type=\"container\" data-e-type=\"container\">\n\t\t\t\t<div class=\"elementor-element elementor-element-42647dd elementor-widget elementor-widget-pds-service-page\" data-id=\"42647dd\" data-element_type=\"widget\" data-e-type=\"widget\" data-widget_type=\"pds-service-page.default\">\n\t\t\t\t<div class=\"elementor-widget-container\">\n\t\t\t\t\t        <section class=\"pds-sp-overview\">\n            <div class=\"pds-container\">\n                <div class=\"pds-sp-overview__inner\">\n                    <div class=\"pds-sp-overview__left\">\n                        <h2 class=\"pds-sp-overview__service-name\">Recursos visuales para la toma de decisiones<\/h2>\n                        <div class=\"pds-sp-overview__text\">\n                            <p>Creamos activos visuales que ayudan a los equipos internos, clientes y tomadores de decisiones a comprender los productos m\u00e1s r\u00e1pido y avanzar con m\u00e1s confianza.<\/p>                        <\/div>\n                    <\/div>\n                                            <div class=\"pds-sp-overview__right\">\n                            <h2 class=\"pds-sp-side-heading\">Alcance t\u00edpico<\/h2>\n                            <ul class=\"pds-sp-bullet-list\">\n                                                                                                        <li>Renders de producto<\/li>\n                                                                                                        <li>Renders de layouts<\/li>\n                                                                                                        <li>Variaciones de acabados y materiales<\/li>\n                                                                                                        <li>Im\u00e1genes para aprobaci\u00f3n<\/li>\n                                                                                                        <li>Visuales para presentaciones con clientes<\/li>\n                                                                                                        <li>Im\u00e1genes para lanzamiento de producto<\/li>\n                                                                                                        <li>Edici\u00f3n de im\u00e1genes para texturas y opciones de materiales.<\/li>\n                                                            <\/ul>\n                        <\/div>\n                                    <\/div>\n            <\/div>\n        <\/section>\n\n                    <section class=\"pds-sp-bestfit\">\n                <div class=\"pds-container\">\n                                            <h2 class=\"pds-sp-section-heading\">Best fit for<\/h2>\n                        <ul class=\"pds-sp-bullet-list pds-sp-bullet-list--bestfit\">\n                                                                                            <li>Fabricantes de mobiliario de oficina y de producto<\/li>\n                                                                                            <li>Equipos de ventas y marketing<\/li>\n                                                                                            <li>Equipos de desarrollo de producto<\/li>\n                                                                                            <li>Fabricantes con ciclos continuos de desarrollo de producto<\/li>\n                                                    <\/ul>\n                                    <\/div>\n            <\/section>\n        \n                    <section class=\"pds-sp-scope\">\n                <div class=\"pds-container\">\n                    <h2 class=\"pds-sp-section-heading\">Qu\u00e9 incluye<\/h2>\n                    <div class=\"pds-sp-scope__list\">\n                                                    <div class=\"pds-sp-scope__item\">\n                                <div class=\"pds-sp-scope__number\">01<\/div>\n                                <span class=\"pds-sp-scope__text\">High-quality product renderings<\/span>\n                            <\/div>\n                                                    <div class=\"pds-sp-scope__item\">\n                                <div class=\"pds-sp-scope__number\">02<\/div>\n                                <span class=\"pds-sp-scope__text\">3D modeling support when required<\/span>\n                            <\/div>\n                                                    <div class=\"pds-sp-scope__item\">\n                                <div class=\"pds-sp-scope__number\">03<\/div>\n                                <span class=\"pds-sp-scope__text\">Architectural surface visualization<\/span>\n                            <\/div>\n                                                    <div class=\"pds-sp-scope__item\">\n                                <div class=\"pds-sp-scope__number\">04<\/div>\n                                <span class=\"pds-sp-scope__text\">Visual content support for social media campaigns<\/span>\n                            <\/div>\n                                            <\/div>\n                <\/div>\n            <\/section>\n        \n        \t\t\t\t<\/div>\n\t\t\t\t<\/div>\n\t\t\t\t<\/div>\n\t\t\t\t<\/div>","protected":false},"excerpt":{"rendered":"","protected":false},"author":1,"featured_media":0,"parent":0,"menu_order":0,"comment_status":"closed","ping_status":"closed","template":"","meta":{"_acf_changed":false,"footnotes":""},"class_list":["post-1549","page","type-page","status-publish","hentry"],"acf":[],"_links":{"self":[{"href":"https:\/\/plusdesignsolutions.com\/es\/wp-json\/wp\/v2\/pages\/1549","targetHints":{"allow":["GET"]}}],"collection":[{"href":"https:\/\/plusdesignsolutions.com\/es\/wp-json\/wp\/v2\/pages"}],"about":[{"href":"https:\/\/plusdesignsolutions.com\/es\/wp-json\/wp\/v2\/types\/page"}],"author":[{"embeddable":true,"href":"https:\/\/plusdesignsolutions.com\/es\/wp-json\/wp\/v2\/users\/1"}],"replies":[{"embeddable":true,"href":"https:\/\/plusdesignsolutions.com\/es\/wp-json\/wp\/v2\/comments?post=1549"}],"version-history":[{"count":0,"href":"https:\/\/plusdesignsolutions.com\/es\/wp-json\/wp\/v2\/pages\/1549\/revisions"}],"wp:attachment":[{"href":"https:\/\/plusdesignsolutions.com\/es\/wp-json\/wp\/v2\/media?parent=1549"}],"curies":[{"name":"wp","href":"https:\/\/api.w.org\/{rel}","templated":true}]}}